{"id":1079,"date":"2025-01-20T11:15:54","date_gmt":"2025-01-20T11:15:54","guid":{"rendered":"https:\/\/liwell.org\/?page_id=1079"},"modified":"2025-01-28T08:55:05","modified_gmt":"2025-01-28T08:55:05","slug":"looking-for-help","status":"publish","type":"page","link":"https:\/\/liwell.org\/sr\/looking-for-help\/","title":{"rendered":"Potrebna vam je pomo\u0107?"},"content":{"rendered":"<div data-elementor-type=\"wp-page\" data-elementor-id=\"1079\" class=\"elementor elementor-1079\" data-elementor-post-type=\"page\">\n\t\t\t\t<div class=\"elementor-element elementor-element-6c96884 e-flex e-con-boxed e-con e-parent\" data-id=\"6c96884\" data-element_type=\"container\" data-settings=\"{&quot;background_background&quot;:&quot;classic&quot;}\">\n\t\t\t\t\t<div class=\"e-con-inner\">\n\t\t\t\t<div class=\"elementor-element elementor-element-6b831a2 elementor-widget__width-initial elementor-widget elementor-widget-image\" data-id=\"6b831a2\" data-element_type=\"widget\" data-widget_type=\"image.default\">\n\t\t\t\t<div class=\"elementor-widget-container\">\n\t\t\t\t\t\t\t\t\t\t\t\t\t\t\t<img fetchpriority=\"high\" decoding=\"async\" width=\"800\" height=\"533\" src=\"https:\/\/liwell.org\/wp-content\/uploads\/2024\/12\/totem-medical-assistance-SRB-01.jpg\" class=\"attachment-large size-large wp-image-183\" alt=\"\" \/>\t\t\t\t\t\t\t\t\t\t\t\t\t\t\t<\/div>\n\t\t\t\t<\/div>\n\t\t\t\t<div class=\"elementor-element elementor-element-c9a8419 elementor-widget__width-initial elementor-widget elementor-widget-text-editor\" data-id=\"c9a8419\" data-element_type=\"widget\" data-widget_type=\"text-editor.default\">\n\t\t\t\t<div class=\"elementor-widget-container\">\n\t\t\t\t\t\t\t\t\t<p>U slu\u010daju da ose\u0107ate da vam je potrebna pomo\u0107 i stru\u010dna podr\u0161ka, kontaktirajte svog izabranog lekara ili zaka\u017eite pregled kod na\u0161ih specijalista:<\/p><p>e-mail: npbvrsac@gmail.com<\/p><p>Web: www.spbvrsac.org.rs<\/p><p>Telefon: +381 13 833 225<\/p><p>U slu\u010daju potrebe za hitnom medicinskom pomo\u0107i pozovite: 194.<\/p><p>U hitnim slu\u010dajevima u bilo kojoj od \u010dlanica zemalja Evropske unije pozovite: 112.<\/p>\t\t\t\t\t\t\t\t<\/div>\n\t\t\t\t<\/div>\n\t\t<div class=\"elementor-element elementor-element-e1c67c8 e-con-full e-flex e-con e-child\" data-id=\"e1c67c8\" data-element_type=\"container\">\n\t\t\t\t<div class=\"elementor-element elementor-element-5b5da68 elementor-widget__width-initial elementor-widget elementor-widget-image\" data-id=\"5b5da68\" data-element_type=\"widget\" data-widget_type=\"image.default\">\n\t\t\t\t<div class=\"elementor-widget-container\">\n\t\t\t\t\t\t\t\t\t\t\t\t\t\t\t\t<a href=\"https:\/\/www.spbvrsac.org.rs\/\">\n\t\t\t\t\t\t\t<img decoding=\"async\" width=\"306\" height=\"238\" src=\"https:\/\/liwell.org\/wp-content\/uploads\/2024\/12\/logo-sbpb-1.png\" class=\"attachment-large size-large wp-image-887\" alt=\"\" srcset=\"https:\/\/liwell.org\/wp-content\/uploads\/2024\/12\/logo-sbpb-1.png 306w, https:\/\/liwell.org\/wp-content\/uploads\/2024\/12\/logo-sbpb-1-300x233.png 300w, https:\/\/liwell.org\/wp-content\/uploads\/2024\/12\/logo-sbpb-1-15x12.png 15w\" sizes=\"(max-width: 306px) 100vw, 306px\" \/>\t\t\t\t\t\t\t\t<\/a>\n\t\t\t\t\t\t\t\t\t\t\t\t\t\t\t<\/div>\n\t\t\t\t<\/div>\n\t\t\t\t<div class=\"elementor-element elementor-element-d38e8ad elementor-widget__width-initial elementor-widget elementor-widget-image\" data-id=\"d38e8ad\" data-element_type=\"widget\" data-widget_type=\"image.default\">\n\t\t\t\t<div class=\"elementor-widget-container\">\n\t\t\t\t\t\t\t\t\t\t\t\t\t\t\t\t<a href=\"https:\/\/www.spitaluljudeteanresita.ro\/\">\n\t\t\t\t\t\t\t<img decoding=\"async\" width=\"800\" height=\"534\" src=\"https:\/\/liwell.org\/wp-content\/uploads\/2025\/01\/Logo-SJU-Resita-recreat-w-1024x683.png\" class=\"attachment-large size-large wp-image-1161\" alt=\"\" srcset=\"https:\/\/liwell.org\/wp-content\/uploads\/2025\/01\/Logo-SJU-Resita-recreat-w-1024x683.png 1024w, https:\/\/liwell.org\/wp-content\/uploads\/2025\/01\/Logo-SJU-Resita-recreat-w-300x200.png 300w, https:\/\/liwell.org\/wp-content\/uploads\/2025\/01\/Logo-SJU-Resita-recreat-w-768x512.png 768w, https:\/\/liwell.org\/wp-content\/uploads\/2025\/01\/Logo-SJU-Resita-recreat-w-1536x1024.png 1536w, https:\/\/liwell.org\/wp-content\/uploads\/2025\/01\/Logo-SJU-Resita-recreat-w-2048x1365.png 2048w, https:\/\/liwell.org\/wp-content\/uploads\/2025\/01\/Logo-SJU-Resita-recreat-w-18x12.png 18w\" sizes=\"(max-width: 800px) 100vw, 800px\" \/>\t\t\t\t\t\t\t\t<\/a>\n\t\t\t\t\t\t\t\t\t\t\t\t\t\t\t<\/div>\n\t\t\t\t<\/div>\n\t\t\t\t<div class=\"elementor-element elementor-element-b2b9327 elementor-widget__width-initial elementor-widget elementor-widget-image\" data-id=\"b2b9327\" data-element_type=\"widget\" data-widget_type=\"image.default\">\n\t\t\t\t<div class=\"elementor-widget-container\">\n\t\t\t\t\t\t\t\t\t\t\t\t\t\t\t\t<a href=\"https:\/\/european-union.europa.eu\/index_en\">\n\t\t\t\t\t\t\t<img loading=\"lazy\" decoding=\"async\" width=\"302\" height=\"239\" src=\"https:\/\/liwell.org\/wp-content\/uploads\/2025\/01\/EU-lat.png\" class=\"attachment-large size-large wp-image-889\" alt=\"\" srcset=\"https:\/\/liwell.org\/wp-content\/uploads\/2025\/01\/EU-lat.png 2770w, https:\/\/liwell.org\/wp-content\/uploads\/2025\/01\/EU-lat-300x243.png 300w, https:\/\/liwell.org\/wp-content\/uploads\/2025\/01\/EU-lat-1024x831.png 1024w, https:\/\/liwell.org\/wp-content\/uploads\/2025\/01\/EU-lat-768x623.png 768w, https:\/\/liwell.org\/wp-content\/uploads\/2025\/01\/EU-lat-1536x1246.png 1536w, https:\/\/liwell.org\/wp-content\/uploads\/2025\/01\/EU-lat-2048x1661.png 2048w, https:\/\/liwell.org\/wp-content\/uploads\/2025\/01\/EU-lat-15x12.png 15w\" sizes=\"(max-width: 302px) 100vw, 302px\" \/>\t\t\t\t\t\t\t\t<\/a>\n\t\t\t\t\t\t\t\t\t\t\t\t\t\t\t<\/div>\n\t\t\t\t<\/div>\n\t\t\t\t<\/div>\n\t\t\t\t\t<\/div>\n\t\t\t\t<\/div>\n\t\t\t\t<\/div>","protected":false},"excerpt":{"rendered":"<p>In case if you need help and medical support, contact your family doctor or make an apointment with our specialists: e-mail: npbvrsac@gmail.com Web: www.spbvrsac.org.rs Phone: +381 13 833 225 In case of medical emergency call: 194. In case of emergencies in any European Union member countries call: 112.<\/p>","protected":false},"author":2,"featured_media":0,"parent":0,"menu_order":0,"comment_status":"closed","ping_status":"closed","template":"","meta":{"footnotes":""},"class_list":["post-1079","page","type-page","status-publish","hentry"],"_links":{"self":[{"href":"https:\/\/liwell.org\/sr\/wp-json\/wp\/v2\/pages\/1079","targetHints":{"allow":["GET"]}}],"collection":[{"href":"https:\/\/liwell.org\/sr\/wp-json\/wp\/v2\/pages"}],"about":[{"href":"https:\/\/liwell.org\/sr\/wp-json\/wp\/v2\/types\/page"}],"author":[{"embeddable":true,"href":"https:\/\/liwell.org\/sr\/wp-json\/wp\/v2\/users\/2"}],"replies":[{"embeddable":true,"href":"https:\/\/liwell.org\/sr\/wp-json\/wp\/v2\/comments?post=1079"}],"version-history":[{"count":22,"href":"https:\/\/liwell.org\/sr\/wp-json\/wp\/v2\/pages\/1079\/revisions"}],"predecessor-version":[{"id":1248,"href":"https:\/\/liwell.org\/sr\/wp-json\/wp\/v2\/pages\/1079\/revisions\/1248"}],"wp:attachment":[{"href":"https:\/\/liwell.org\/sr\/wp-json\/wp\/v2\/media?parent=1079"}],"curies":[{"name":"wp","href":"https:\/\/api.w.org\/{rel}","templated":true}]}}